{"id":18,"date":"2021-02-16T09:54:09","date_gmt":"2021-02-16T09:54:09","guid":{"rendered":"https:\/\/tilipartners.fi\/wordpress\/?page_id=18"},"modified":"2025-12-01T10:44:44","modified_gmt":"2025-12-01T08:44:44","slug":"yhteystiedot","status":"publish","type":"page","link":"https:\/\/tilipartners.fi\/index.php\/yhteystiedot\/","title":{"rendered":"Ota Yhteytt\u00e4"},"content":{"rendered":"\t\t<div data-elementor-type=\"wp-page\" data-elementor-id=\"18\" class=\"elementor elementor-18\" data-elementor-post-type=\"page\">\n\t\t\t\t\t\t<section class=\"has_eae_slider elementor-section elementor-top-section elementor-element elementor-element-15017d3 elementor-section-full_width elementor-section-height-min-height elementor-section-items-bottom elementor-section-height-default\" data-eae-slider=\"52596\" data-id=\"15017d3\" data-element_type=\"section\" data-e-type=\"section\" data-settings=\"{&quot;background_background&quot;:&quot;classic&quot;}\">\n\t\t\t\t\t\t<div class=\"elementor-container elementor-column-gap-default\">\n\t\t\t\t\t<div class=\"has_eae_slider elementor-column elementor-col-100 elementor-top-column elementor-element elementor-element-466a3a3\" data-eae-slider=\"29361\" data-id=\"466a3a3\" data-element_type=\"column\" data-e-type=\"column\" data-settings=\"{&quot;background_background&quot;:&quot;classic&quot;}\">\n\t\t\t<div class=\"elementor-widget-wrap elementor-element-populated\">\n\t\t\t\t\t\t<section class=\"has_eae_slider elementor-section elementor-inner-section elementor-element elementor-element-9e535c1 elementor-section-boxed elementor-section-height-default elementor-section-height-default\" data-eae-slider=\"83934\" data-id=\"9e535c1\" data-element_type=\"section\" data-e-type=\"section\">\n\t\t\t\t\t\t<div class=\"elementor-container elementor-column-gap-default\">\n\t\t\t\t\t<div class=\"has_eae_slider elementor-column elementor-col-100 elementor-inner-column elementor-element elementor-element-2b6e925\" data-eae-slider=\"28070\" data-id=\"2b6e925\" data-element_type=\"column\" data-e-type=\"column\">\n\t\t\t<div class=\"elementor-widget-wrap elementor-element-populated\">\n\t\t\t\t\t\t<div class=\"elementor-element elementor-element-8d20977 elementor-widget elementor-widget-heading\" data-id=\"8d20977\" data-element_type=\"widget\" data-e-type=\"widget\" data-widget_type=\"heading.default\">\n\t\t\t\t<div class=\"elementor-widget-container\">\n\t\t\t\t\t<h1 class=\"elementor-heading-title elementor-size-default\">Ota yhteytt\u00e4<\/h1>\t\t\t\t<\/div>\n\t\t\t\t<\/div>\n\t\t\t\t\t<\/div>\n\t\t<\/div>\n\t\t\t\t\t<\/div>\n\t\t<\/section>\n\t\t\t\t\t<\/div>\n\t\t<\/div>\n\t\t\t\t\t<\/div>\n\t\t<\/section>\n\t\t\t\t<section class=\"has_eae_slider elementor-section elementor-top-section elementor-element elementor-element-e1e9a3f elementor-section-boxed elementor-section-height-default elementor-section-height-default\" data-eae-slider=\"12341\" data-id=\"e1e9a3f\" data-element_type=\"section\" data-e-type=\"section\">\n\t\t\t\t\t\t<div class=\"elementor-container elementor-column-gap-default\">\n\t\t\t\t\t<div class=\"has_eae_slider elementor-column elementor-col-100 elementor-top-column elementor-element elementor-element-d2d285f\" data-eae-slider=\"42917\" data-id=\"d2d285f\" data-element_type=\"column\" data-e-type=\"column\">\n\t\t\t<div class=\"elementor-widget-wrap elementor-element-populated\">\n\t\t\t\t\t\t<section class=\"has_eae_slider elementor-section elementor-inner-section elementor-element elementor-element-8d5cbc3 elementor-section-boxed elementor-section-height-default elementor-section-height-default\" data-eae-slider=\"76555\" data-id=\"8d5cbc3\" data-element_type=\"section\" data-e-type=\"section\">\n\t\t\t\t\t\t<div class=\"elementor-container elementor-column-gap-default\">\n\t\t\t\t\t<div class=\"has_eae_slider elementor-column elementor-col-100 elementor-inner-column elementor-element elementor-element-c80e9c0\" data-eae-slider=\"50179\" data-id=\"c80e9c0\" data-element_type=\"column\" data-e-type=\"column\">\n\t\t\t<div class=\"elementor-widget-wrap elementor-element-populated\">\n\t\t\t\t\t\t<div class=\"elementor-element elementor-element-56cbee8 elementor-widget elementor-widget-heading\" data-id=\"56cbee8\" data-element_type=\"widget\" data-e-type=\"widget\" data-widget_type=\"heading.default\">\n\t\t\t\t<div class=\"elementor-widget-container\">\n\t\t\t\t\t<h2 class=\"elementor-heading-title elementor-size-default\">Tilipartners<\/h2>\t\t\t\t<\/div>\n\t\t\t\t<\/div>\n\t\t\t\t\t<\/div>\n\t\t<\/div>\n\t\t\t\t\t<\/div>\n\t\t<\/section>\n\t\t\t\t<div class=\"elementor-element elementor-element-68d6a94 elementor-widget elementor-widget-text-editor\" data-id=\"68d6a94\" data-element_type=\"widget\" data-e-type=\"widget\" data-widget_type=\"text-editor.default\">\n\t\t\t\t<div class=\"elementor-widget-container\">\n\t\t\t\t\t\t\t\t\t<p><strong>Toimisto<\/strong><br \/>It\u00e4puisto 3, 28100 PORI<br \/><a href=\"tel:+358449725902\">\u00a0044 972 5902<\/a><br \/><a href=\"mailto:pia.hypponen@tilipartners.fi\" target=\"_blank\" rel=\"noopener\">info@tilipartners.fi<\/a><\/p><p><strong>Myynti<\/strong><br \/>Kirsti Koskinen<br \/>044 590 2875<br \/>kirsti.koskinen@tilipartners.fi<\/p><p><strong>Hallinto<\/strong><br \/>Pia Hypp\u00f6nen, toimitusjohtaja<br \/>044 244 3117<br \/>pia.hypponen@tilipartners.fi<\/p>\t\t\t\t\t\t\t\t<\/div>\n\t\t\t\t<\/div>\n\t\t\t\t\t<\/div>\n\t\t<\/div>\n\t\t\t\t\t<\/div>\n\t\t<\/section>\n\t\t\t\t<section class=\"has_eae_slider elementor-section elementor-top-section elementor-element elementor-element-65e9cc0 elementor-section-boxed elementor-section-height-default elementor-section-height-default\" data-eae-slider=\"85452\" data-id=\"65e9cc0\" data-element_type=\"section\" data-e-type=\"section\" data-settings=\"{&quot;background_background&quot;:&quot;classic&quot;,&quot;shape_divider_top&quot;:&quot;mountains&quot;}\">\n\t\t\t\t\t<div class=\"elementor-shape elementor-shape-top\" aria-hidden=\"true\" data-negative=\"false\">\n\t\t\t<svg xmlns=\"http:\/\/www.w3.org\/2000\/svg\" viewBox=\"0 0 1000 100\" preserveAspectRatio=\"none\">\n\t<path class=\"elementor-shape-fill\" opacity=\"0.33\" d=\"M473,67.3c-203.9,88.3-263.1-34-320.3,0C66,119.1,0,59.7,0,59.7V0h1000v59.7 c0,0-62.1,26.1-94.9,29.3c-32.8,3.3-62.8-12.3-75.8-22.1C806,49.6,745.3,8.7,694.9,4.7S492.4,59,473,67.3z\"\/>\n\t<path class=\"elementor-shape-fill\" opacity=\"0.66\" d=\"M734,67.3c-45.5,0-77.2-23.2-129.1-39.1c-28.6-8.7-150.3-10.1-254,39.1 s-91.7-34.4-149.2,0C115.7,118.3,0,39.8,0,39.8V0h1000v36.5c0,0-28.2-18.5-92.1-18.5C810.2,18.1,775.7,67.3,734,67.3z\"\/>\n\t<path class=\"elementor-shape-fill\" d=\"M766.1,28.9c-200-57.5-266,65.5-395.1,19.5C242,1.8,242,5.4,184.8,20.6C128,35.8,132.3,44.9,89.9,52.5C28.6,63.7,0,0,0,0 h1000c0,0-9.9,40.9-83.6,48.1S829.6,47,766.1,28.9z\"\/>\n<\/svg>\t\t<\/div>\n\t\t\t\t\t<div class=\"elementor-container elementor-column-gap-default\">\n\t\t\t\t\t<div class=\"has_eae_slider elementor-column elementor-col-100 elementor-top-column elementor-element elementor-element-faf39bd\" data-eae-slider=\"66229\" data-id=\"faf39bd\" data-element_type=\"column\" data-e-type=\"column\">\n\t\t\t<div class=\"elementor-widget-wrap elementor-element-populated\">\n\t\t\t\t\t\t<div class=\"elementor-element elementor-element-10d415f elementor-shape-circle elementor-grid-0 e-grid-align-center elementor-widget elementor-widget-social-icons\" data-id=\"10d415f\" data-element_type=\"widget\" data-e-type=\"widget\" data-widget_type=\"social-icons.default\">\n\t\t\t\t<div class=\"elementor-widget-container\">\n\t\t\t\t\t\t\t<div class=\"elementor-social-icons-wrapper elementor-grid\" role=\"list\">\n\t\t\t\t\t\t\t<span class=\"elementor-grid-item\" role=\"listitem\">\n\t\t\t\t\t<a class=\"elementor-icon elementor-social-icon elementor-social-icon-facebook-f elementor-repeater-item-bf26237\" href=\"https:\/\/www.facebook.com\/Tilipartners\" target=\"_blank\">\n\t\t\t\t\t\t<span class=\"elementor-screen-only\">Facebook-f<\/span>\n\t\t\t\t\t\t<i aria-hidden=\"true\" class=\"fab fa-facebook-f\"><\/i>\t\t\t\t\t<\/a>\n\t\t\t\t<\/span>\n\t\t\t\t\t\t\t<span class=\"elementor-grid-item\" role=\"listitem\">\n\t\t\t\t\t<a class=\"elementor-icon elementor-social-icon elementor-social-icon-instagram elementor-repeater-item-4da44c3\" href=\"https:\/\/www.instagram.com\/tilipartners\/\" target=\"_blank\">\n\t\t\t\t\t\t<span class=\"elementor-screen-only\">Instagram<\/span>\n\t\t\t\t\t\t<i aria-hidden=\"true\" class=\"fab fa-instagram\"><\/i>\t\t\t\t\t<\/a>\n\t\t\t\t<\/span>\n\t\t\t\t\t\t\t<span class=\"elementor-grid-item\" role=\"listitem\">\n\t\t\t\t\t<a class=\"elementor-icon elementor-social-icon elementor-social-icon-linkedin elementor-repeater-item-a654b08\" href=\"https:\/\/www.linkedin.com\/company\/tilipartners-oy\/\" target=\"_blank\">\n\t\t\t\t\t\t<span class=\"elementor-screen-only\">Linkedin<\/span>\n\t\t\t\t\t\t<i aria-hidden=\"true\" class=\"fab fa-linkedin\"><\/i>\t\t\t\t\t<\/a>\n\t\t\t\t<\/span>\n\t\t\t\t\t<\/div>\n\t\t\t\t\t\t<\/div>\n\t\t\t\t<\/div>\n\t\t\t\t<div class=\"elementor-element elementor-element-78ec611 elementor-widget elementor-widget-image-gallery\" data-id=\"78ec611\" data-element_type=\"widget\" data-e-type=\"widget\" data-widget_type=\"image-gallery.default\">\n\t\t\t\t<div class=\"elementor-widget-container\">\n\t\t\t\t\t\t\t<div class=\"elementor-image-gallery\">\n\t\t\t<div id='gallery-1' class='gallery galleryid-18 gallery-columns-5 gallery-size-full'><figure class='gallery-item'>\n\t\t\t<div class='gallery-icon landscape'>\n\t\t\t\t<img decoding=\"async\" width=\"320\" height=\"80\" src=\"https:\/\/tilipartners.fi\/wp-content\/uploads\/2023\/11\/TAL_Logo_RGB_2022_auktorisoitu_jasen_50Black_320x80px.png\" class=\"attachment-full size-full\" alt=\"talousahallinnon auktorisoima tunnus\" srcset=\"https:\/\/tilipartners.fi\/wp-content\/uploads\/2023\/11\/TAL_Logo_RGB_2022_auktorisoitu_jasen_50Black_320x80px.png 320w, https:\/\/tilipartners.fi\/wp-content\/uploads\/2023\/11\/TAL_Logo_RGB_2022_auktorisoitu_jasen_50Black_320x80px-300x75.png 300w\" sizes=\"(max-width: 320px) 100vw, 320px\" \/>\n\t\t\t<\/div><\/figure><figure class='gallery-item'>\n\t\t\t<div class='gallery-icon landscape'>\n\t\t\t\t<img fetchpriority=\"high\" decoding=\"async\" width=\"600\" height=\"159\" src=\"https:\/\/tilipartners.fi\/wp-content\/uploads\/2025\/12\/netvisor-logo-vud22-horizontal-900px-e1764578929569.webp\" class=\"attachment-full size-full\" alt=\"\" \/>\n\t\t\t<\/div><\/figure><figure class='gallery-item'>\n\t\t\t<div class='gallery-icon landscape'>\n\t\t\t\t<img decoding=\"async\" width=\"320\" height=\"80\" src=\"https:\/\/tilipartners.fi\/wp-content\/uploads\/2023\/02\/footer_netbaron.png\" class=\"attachment-full size-full\" alt=\"netbaron logo\" srcset=\"https:\/\/tilipartners.fi\/wp-content\/uploads\/2023\/02\/footer_netbaron.png 320w, https:\/\/tilipartners.fi\/wp-content\/uploads\/2023\/02\/footer_netbaron-300x75.png 300w\" sizes=\"(max-width: 320px) 100vw, 320px\" \/>\n\t\t\t<\/div><\/figure><figure class='gallery-item'>\n\t\t\t<div class='gallery-icon landscape'>\n\t\t\t\t<img loading=\"lazy\" decoding=\"async\" width=\"320\" height=\"80\" src=\"https:\/\/tilipartners.fi\/wp-content\/uploads\/2024\/09\/footer_StatBun_320x80px.png\" class=\"attachment-full size-full\" alt=\"statbun logo\" srcset=\"https:\/\/tilipartners.fi\/wp-content\/uploads\/2024\/09\/footer_StatBun_320x80px.png 320w, https:\/\/tilipartners.fi\/wp-content\/uploads\/2024\/09\/footer_StatBun_320x80px-300x75.png 300w\" sizes=\"(max-width: 320px) 100vw, 320px\" \/>\n\t\t\t<\/div><\/figure>\n\t\t<\/div>\n\t\t<\/div>\n\t\t\t\t\t\t<\/div>\n\t\t\t\t<\/div>\n\t\t\t\t<div class=\"elementor-element elementor-element-35c89f2 elementor-widget elementor-widget-text-editor\" data-id=\"35c89f2\" data-element_type=\"widget\" data-e-type=\"widget\" data-widget_type=\"text-editor.default\">\n\t\t\t\t<div class=\"elementor-widget-container\">\n\t\t\t\t\t\t\t\t\t<a href=\"https:\/\/tilipartners.fi\/index.php\/tietosuojaseloste-ja-evasteet\/\"><u>Tietosuojaseloste<\/u>\n<\/a>\t\t\t\t\t\t\t\t<\/div>\n\t\t\t\t<\/div>\n\t\t\t\t\t<\/div>\n\t\t<\/div>\n\t\t\t\t\t<\/div>\n\t\t<\/section>\n\t\t\t\t<section class=\"has_eae_slider elementor-section elementor-top-section elementor-element elementor-element-086d83d elementor-section-height-min-height elementor-section-boxed elementor-section-height-default elementor-section-items-middle\" data-eae-slider=\"59571\" data-id=\"086d83d\" data-element_type=\"section\" data-e-type=\"section\" data-settings=\"{&quot;background_background&quot;:&quot;classic&quot;}\">\n\t\t\t\t\t\t<div class=\"elementor-container elementor-column-gap-default\">\n\t\t\t\t\t<div class=\"has_eae_slider elementor-column elementor-col-100 elementor-top-column elementor-element elementor-element-771107e\" data-eae-slider=\"70641\" data-id=\"771107e\" data-element_type=\"column\" data-e-type=\"column\">\n\t\t\t<div class=\"elementor-widget-wrap elementor-element-populated\">\n\t\t\t\t\t\t<div class=\"elementor-element elementor-element-bbd897d elementor-widget elementor-widget-text-editor\" data-id=\"bbd897d\" data-element_type=\"widget\" data-e-type=\"widget\" data-widget_type=\"text-editor.default\">\n\t\t\t\t<div class=\"elementor-widget-container\">\n\t\t\t\t\t\t\t\t\t\u00a9 2026 Tilipartners \u2013 Kaikki oikeudet pid\u00e4tet\u00e4\u00e4n\t\t\t\t\t\t\t\t<\/div>\n\t\t\t\t<\/div>\n\t\t\t\t\t<\/div>\n\t\t<\/div>\n\t\t\t\t\t<\/div>\n\t\t<\/section>\n\t\t\t\t<\/div>\n\t\t","protected":false},"excerpt":{"rendered":"<p>Ota yhteytt\u00e4 Tilipartners ToimistoIt\u00e4puisto 3, 28100 PORI\u00a0044 972 5902info@tilipartners.fi MyyntiKirsti Koskinen044 590 2875kirsti.koskinen@tilipartners.fi HallintoPia Hypp\u00f6nen, toimitusjohtaja044 244 3117pia.hypponen@tilipartners.fi Facebook-f Instagram Linkedin Tietosuojaseloste<\/p>\n","protected":false},"author":1,"featured_media":0,"parent":0,"menu_order":0,"comment_status":"closed","ping_status":"closed","template":"elementor_header_footer","meta":{"footnotes":""},"class_list":["post-18","page","type-page","status-publish","hentry"],"yoast_head":"<!-- This site is optimized with the Yoast SEO plugin v27.5 - https:\/\/yoast.com\/product\/yoast-seo-wordpress\/ -->\n<title>Ota Yhteytt\u00e4 - Tilipartners \u2013 Asiantuntijakumppani k\u00e4yt\u00f6ss\u00e4si<\/title>\n<meta name=\"robots\" content=\"index, follow, max-snippet:-1, max-image-preview:large, max-video-preview:-1\" \/>\n<link rel=\"canonical\" href=\"https:\/\/tilipartners.fi\/index.php\/yhteystiedot\/\" \/>\n<meta property=\"og:locale\" content=\"fi_FI\" \/>\n<meta property=\"og:type\" content=\"article\" \/>\n<meta property=\"og:title\" content=\"Ota Yhteytt\u00e4 - Tilipartners \u2013 Asiantuntijakumppani k\u00e4yt\u00f6ss\u00e4si\" \/>\n<meta property=\"og:description\" content=\"Ota yhteytt\u00e4 Tilipartners ToimistoIt\u00e4puisto 3, 28100 PORI\u00a0044 972 5902info@tilipartners.fi MyyntiKirsti Koskinen044 590 2875kirsti.koskinen@tilipartners.fi HallintoPia Hypp\u00f6nen, toimitusjohtaja044 244 3117pia.hypponen@tilipartners.fi Facebook-f Instagram Linkedin Tietosuojaseloste\" \/>\n<meta property=\"og:url\" content=\"https:\/\/tilipartners.fi\/index.php\/yhteystiedot\/\" \/>\n<meta property=\"og:site_name\" content=\"Tilipartners \u2013 Asiantuntijakumppani k\u00e4yt\u00f6ss\u00e4si\" \/>\n<meta property=\"article:modified_time\" content=\"2025-12-01T08:44:44+00:00\" \/>\n<meta property=\"og:image\" content=\"https:\/\/tilipartners.fi\/wp-content\/uploads\/2023\/11\/TAL_Logo_RGB_2022_auktorisoitu_jasen_50Black_320x80px.png\" \/>\n<meta name=\"twitter:card\" content=\"summary_large_image\" \/>\n<meta name=\"twitter:label1\" content=\"Arvioitu lukuaika\" \/>\n\t<meta name=\"twitter:data1\" content=\"2 minuuttia\" \/>\n<script type=\"application\/ld+json\" class=\"yoast-schema-graph\">{\"@context\":\"https:\\\/\\\/schema.org\",\"@graph\":[{\"@type\":\"WebPage\",\"@id\":\"https:\\\/\\\/tilipartners.fi\\\/index.php\\\/yhteystiedot\\\/\",\"url\":\"https:\\\/\\\/tilipartners.fi\\\/index.php\\\/yhteystiedot\\\/\",\"name\":\"Ota Yhteytt\u00e4 - Tilipartners \u2013 Asiantuntijakumppani k\u00e4yt\u00f6ss\u00e4si\",\"isPartOf\":{\"@id\":\"https:\\\/\\\/tilipartners.fi\\\/#website\"},\"primaryImageOfPage\":{\"@id\":\"https:\\\/\\\/tilipartners.fi\\\/index.php\\\/yhteystiedot\\\/#primaryimage\"},\"image\":{\"@id\":\"https:\\\/\\\/tilipartners.fi\\\/index.php\\\/yhteystiedot\\\/#primaryimage\"},\"thumbnailUrl\":\"https:\\\/\\\/tilipartners.fi\\\/wp-content\\\/uploads\\\/2023\\\/11\\\/TAL_Logo_RGB_2022_auktorisoitu_jasen_50Black_320x80px.png\",\"datePublished\":\"2021-02-16T09:54:09+00:00\",\"dateModified\":\"2025-12-01T08:44:44+00:00\",\"breadcrumb\":{\"@id\":\"https:\\\/\\\/tilipartners.fi\\\/index.php\\\/yhteystiedot\\\/#breadcrumb\"},\"inLanguage\":\"fi\",\"potentialAction\":[{\"@type\":\"ReadAction\",\"target\":[\"https:\\\/\\\/tilipartners.fi\\\/index.php\\\/yhteystiedot\\\/\"]}]},{\"@type\":\"ImageObject\",\"inLanguage\":\"fi\",\"@id\":\"https:\\\/\\\/tilipartners.fi\\\/index.php\\\/yhteystiedot\\\/#primaryimage\",\"url\":\"https:\\\/\\\/tilipartners.fi\\\/wp-content\\\/uploads\\\/2023\\\/11\\\/TAL_Logo_RGB_2022_auktorisoitu_jasen_50Black_320x80px.png\",\"contentUrl\":\"https:\\\/\\\/tilipartners.fi\\\/wp-content\\\/uploads\\\/2023\\\/11\\\/TAL_Logo_RGB_2022_auktorisoitu_jasen_50Black_320x80px.png\",\"width\":320,\"height\":80,\"caption\":\"talousahallinnon auktorisoima tunnus\"},{\"@type\":\"BreadcrumbList\",\"@id\":\"https:\\\/\\\/tilipartners.fi\\\/index.php\\\/yhteystiedot\\\/#breadcrumb\",\"itemListElement\":[{\"@type\":\"ListItem\",\"position\":1,\"name\":\"Etusivu\",\"item\":\"https:\\\/\\\/tilipartners.fi\\\/\"},{\"@type\":\"ListItem\",\"position\":2,\"name\":\"Ota Yhteytt\u00e4\"}]},{\"@type\":\"WebSite\",\"@id\":\"https:\\\/\\\/tilipartners.fi\\\/#website\",\"url\":\"https:\\\/\\\/tilipartners.fi\\\/\",\"name\":\"Tilipartners \u2013 Asiantuntijakumppani k\u00e4yt\u00f6ss\u00e4si\",\"description\":\"Tilipartners Tilitoimisto\",\"publisher\":{\"@id\":\"https:\\\/\\\/tilipartners.fi\\\/#organization\"},\"potentialAction\":[{\"@type\":\"SearchAction\",\"target\":{\"@type\":\"EntryPoint\",\"urlTemplate\":\"https:\\\/\\\/tilipartners.fi\\\/?s={search_term_string}\"},\"query-input\":{\"@type\":\"PropertyValueSpecification\",\"valueRequired\":true,\"valueName\":\"search_term_string\"}}],\"inLanguage\":\"fi\"},{\"@type\":\"Organization\",\"@id\":\"https:\\\/\\\/tilipartners.fi\\\/#organization\",\"name\":\"Tilipartners \u2013 Asiantuntijakumppani k\u00e4yt\u00f6ss\u00e4si\",\"url\":\"https:\\\/\\\/tilipartners.fi\\\/\",\"logo\":{\"@type\":\"ImageObject\",\"inLanguage\":\"fi\",\"@id\":\"https:\\\/\\\/tilipartners.fi\\\/#\\\/schema\\\/logo\\\/image\\\/\",\"url\":\"https:\\\/\\\/tilipartners.fi\\\/wp-content\\\/uploads\\\/2021\\\/02\\\/tilipartners_logo_rgb_hex.png\",\"contentUrl\":\"https:\\\/\\\/tilipartners.fi\\\/wp-content\\\/uploads\\\/2021\\\/02\\\/tilipartners_logo_rgb_hex.png\",\"width\":2000,\"height\":327,\"caption\":\"Tilipartners \u2013 Asiantuntijakumppani k\u00e4yt\u00f6ss\u00e4si\"},\"image\":{\"@id\":\"https:\\\/\\\/tilipartners.fi\\\/#\\\/schema\\\/logo\\\/image\\\/\"}}]}<\/script>\n<!-- \/ Yoast SEO plugin. -->","yoast_head_json":{"title":"Ota Yhteytt\u00e4 - Tilipartners \u2013 Asiantuntijakumppani k\u00e4yt\u00f6ss\u00e4si","robots":{"index":"index","follow":"follow","max-snippet":"max-snippet:-1","max-image-preview":"max-image-preview:large","max-video-preview":"max-video-preview:-1"},"canonical":"https:\/\/tilipartners.fi\/index.php\/yhteystiedot\/","og_locale":"fi_FI","og_type":"article","og_title":"Ota Yhteytt\u00e4 - Tilipartners \u2013 Asiantuntijakumppani k\u00e4yt\u00f6ss\u00e4si","og_description":"Ota yhteytt\u00e4 Tilipartners ToimistoIt\u00e4puisto 3, 28100 PORI\u00a0044 972 5902info@tilipartners.fi MyyntiKirsti Koskinen044 590 2875kirsti.koskinen@tilipartners.fi HallintoPia Hypp\u00f6nen, toimitusjohtaja044 244 3117pia.hypponen@tilipartners.fi Facebook-f Instagram Linkedin Tietosuojaseloste","og_url":"https:\/\/tilipartners.fi\/index.php\/yhteystiedot\/","og_site_name":"Tilipartners \u2013 Asiantuntijakumppani k\u00e4yt\u00f6ss\u00e4si","article_modified_time":"2025-12-01T08:44:44+00:00","og_image":[{"url":"https:\/\/tilipartners.fi\/wp-content\/uploads\/2023\/11\/TAL_Logo_RGB_2022_auktorisoitu_jasen_50Black_320x80px.png","type":"","width":"","height":""}],"twitter_card":"summary_large_image","twitter_misc":{"Arvioitu lukuaika":"2 minuuttia"},"schema":{"@context":"https:\/\/schema.org","@graph":[{"@type":"WebPage","@id":"https:\/\/tilipartners.fi\/index.php\/yhteystiedot\/","url":"https:\/\/tilipartners.fi\/index.php\/yhteystiedot\/","name":"Ota Yhteytt\u00e4 - Tilipartners \u2013 Asiantuntijakumppani k\u00e4yt\u00f6ss\u00e4si","isPartOf":{"@id":"https:\/\/tilipartners.fi\/#website"},"primaryImageOfPage":{"@id":"https:\/\/tilipartners.fi\/index.php\/yhteystiedot\/#primaryimage"},"image":{"@id":"https:\/\/tilipartners.fi\/index.php\/yhteystiedot\/#primaryimage"},"thumbnailUrl":"https:\/\/tilipartners.fi\/wp-content\/uploads\/2023\/11\/TAL_Logo_RGB_2022_auktorisoitu_jasen_50Black_320x80px.png","datePublished":"2021-02-16T09:54:09+00:00","dateModified":"2025-12-01T08:44:44+00:00","breadcrumb":{"@id":"https:\/\/tilipartners.fi\/index.php\/yhteystiedot\/#breadcrumb"},"inLanguage":"fi","potentialAction":[{"@type":"ReadAction","target":["https:\/\/tilipartners.fi\/index.php\/yhteystiedot\/"]}]},{"@type":"ImageObject","inLanguage":"fi","@id":"https:\/\/tilipartners.fi\/index.php\/yhteystiedot\/#primaryimage","url":"https:\/\/tilipartners.fi\/wp-content\/uploads\/2023\/11\/TAL_Logo_RGB_2022_auktorisoitu_jasen_50Black_320x80px.png","contentUrl":"https:\/\/tilipartners.fi\/wp-content\/uploads\/2023\/11\/TAL_Logo_RGB_2022_auktorisoitu_jasen_50Black_320x80px.png","width":320,"height":80,"caption":"talousahallinnon auktorisoima tunnus"},{"@type":"BreadcrumbList","@id":"https:\/\/tilipartners.fi\/index.php\/yhteystiedot\/#breadcrumb","itemListElement":[{"@type":"ListItem","position":1,"name":"Etusivu","item":"https:\/\/tilipartners.fi\/"},{"@type":"ListItem","position":2,"name":"Ota Yhteytt\u00e4"}]},{"@type":"WebSite","@id":"https:\/\/tilipartners.fi\/#website","url":"https:\/\/tilipartners.fi\/","name":"Tilipartners \u2013 Asiantuntijakumppani k\u00e4yt\u00f6ss\u00e4si","description":"Tilipartners Tilitoimisto","publisher":{"@id":"https:\/\/tilipartners.fi\/#organization"},"potentialAction":[{"@type":"SearchAction","target":{"@type":"EntryPoint","urlTemplate":"https:\/\/tilipartners.fi\/?s={search_term_string}"},"query-input":{"@type":"PropertyValueSpecification","valueRequired":true,"valueName":"search_term_string"}}],"inLanguage":"fi"},{"@type":"Organization","@id":"https:\/\/tilipartners.fi\/#organization","name":"Tilipartners \u2013 Asiantuntijakumppani k\u00e4yt\u00f6ss\u00e4si","url":"https:\/\/tilipartners.fi\/","logo":{"@type":"ImageObject","inLanguage":"fi","@id":"https:\/\/tilipartners.fi\/#\/schema\/logo\/image\/","url":"https:\/\/tilipartners.fi\/wp-content\/uploads\/2021\/02\/tilipartners_logo_rgb_hex.png","contentUrl":"https:\/\/tilipartners.fi\/wp-content\/uploads\/2021\/02\/tilipartners_logo_rgb_hex.png","width":2000,"height":327,"caption":"Tilipartners \u2013 Asiantuntijakumppani k\u00e4yt\u00f6ss\u00e4si"},"image":{"@id":"https:\/\/tilipartners.fi\/#\/schema\/logo\/image\/"}}]}},"_links":{"self":[{"href":"https:\/\/tilipartners.fi\/index.php\/wp-json\/wp\/v2\/pages\/18","targetHints":{"allow":["GET"]}}],"collection":[{"href":"https:\/\/tilipartners.fi\/index.php\/wp-json\/wp\/v2\/pages"}],"about":[{"href":"https:\/\/tilipartners.fi\/index.php\/wp-json\/wp\/v2\/types\/page"}],"author":[{"embeddable":true,"href":"https:\/\/tilipartners.fi\/index.php\/wp-json\/wp\/v2\/users\/1"}],"replies":[{"embeddable":true,"href":"https:\/\/tilipartners.fi\/index.php\/wp-json\/wp\/v2\/comments?post=18"}],"version-history":[{"count":201,"href":"https:\/\/tilipartners.fi\/index.php\/wp-json\/wp\/v2\/pages\/18\/revisions"}],"predecessor-version":[{"id":1600,"href":"https:\/\/tilipartners.fi\/index.php\/wp-json\/wp\/v2\/pages\/18\/revisions\/1600"}],"wp:attachment":[{"href":"https:\/\/tilipartners.fi\/index.php\/wp-json\/wp\/v2\/media?parent=18"}],"curies":[{"name":"wp","href":"https:\/\/api.w.org\/{rel}","templated":true}]}}